{"id":1646,"date":"2016-11-14T17:04:49","date_gmt":"2016-11-14T14:04:49","guid":{"rendered":"http:\/\/www.zero-carbon.at\/?page_id=1646"},"modified":"2026-04-03T13:43:46","modified_gmt":"2026-04-03T11:43:46","slug":"00-2","status":"publish","type":"page","link":"https:\/\/www.zero-carbon.at\/de\/","title":{"rendered":"frontpage ZCT"},"content":{"rendered":"<p><div class=\"section section-white\"   style=\"border-radius:0px;\" >\n\t\n\t\n\t\n\t\t\n\t\t\n\t\t\n\t\t\t\t\t<div class=\"align-right\">\n\n\t\t\t\t\n\t\t\t\t\t<div class=\"main-1 main-1-slider slide-like-a-pro\" data-slide-like-a-pro=\"{&quot;autoplayTimeout&quot;:&quot;5000&quot;,&quot;firstRunDelay&quot;:&quot;700&quot;,&quot;autoplay&quot;:&quot;true&quot;,&quot;timeline&quot;:&quot;true&quot;,&quot;loop&quot;:&quot;true&quot;,&quot;nav&quot;:&quot;true&quot;}\" style=\"border-radius:0px;\">\n\t\t<div class=\"main-1-item\">\n\t\t<div class=\"parallax\" style=\"background-image:url(http:\/\/www.zero-carbon.at\/wp-content\/uploads\/2025\/01\/SwipSwap-hip-hap.png);background-size:cover;background-repeat:no-repeat;border-radius:0px;\" data-parallax=\"{&quot;speed&quot;:&quot;0.9&quot;,&quot;fading&quot;:&quot;true&quot;,&quot;minFading&quot;:&quot;55&quot;,&quot;scale&quot;:&quot;false&quot;,&quot;maxScale&quot;:&quot;&quot;}\"><\/div>\n\t\t<div class=\"container\">\n\t\t\t<div class=\"main-1-item__inner align-left\">\n\t\t\t\t<h2 class=\"main-1-item__title\"><span class=\"main-1-item__title_part_1\">Verfahrenstechnische<\/span> <span class=\"theme-color main-1-item__title_part_2\">Kompetenz<\/span> <span class=\"main-1-item__title_thin theme-color main-1-item__title_part_3\"><\/span><\/h2>\n\t\t\t\t<p class=\"main-1-item__subtitle\"><\/p>\n\t\t\t\t\t\t\t\t\n\n\t\t\t\t\n\n\t\t\t<\/div>\n\t\t<\/div>\n\t<\/div>\n\t\t<div class=\"main-1-item\">\n\t\t<div class=\"parallax\" style=\"background-image:url(http:\/\/www.zero-carbon.at\/wp-content\/uploads\/2025\/01\/fantine_l_white_background_with_a_grean_circle_in_the_forefro_62b5a735-79c1-4b4d-a669-4d68455ac672_3.png);background-size:cover;background-repeat:no-repeat;border-radius:0px;\" data-parallax=\"{&quot;speed&quot;:&quot;0.9&quot;,&quot;fading&quot;:&quot;true&quot;,&quot;minFading&quot;:&quot;55&quot;,&quot;scale&quot;:&quot;false&quot;,&quot;maxScale&quot;:&quot;&quot;}\"><\/div>\n\t\t<div class=\"container\">\n\t\t\t<div class=\"main-1-item__inner align-left\">\n\t\t\t\t<h2 class=\"main-1-item__title\"><span class=\"main-1-item__title_part_1\">Entwicklung<\/span> <span class=\"theme-color main-1-item__title_part_2\">neuer<\/span> <span class=\"main-1-item__title_thin theme-color main-1-item__title_part_3\">Technologien<\/span><\/h2>\n\t\t\t\t<p class=\"main-1-item__subtitle\"><\/p>\n\t\t\t\t\t\t\t\t\n\n\t\t\t\t\n\n\t\t\t<\/div>\n\t\t<\/div>\n\t<\/div>\n\t\t<div class=\"main-1-item\">\n\t\t<div class=\"parallax\" style=\"background-image:url(http:\/\/www.zero-carbon.at\/wp-content\/uploads\/2025\/01\/fantine_l_Industrial_landscape_lots_of_pipes_boilers_energy_n_5bb4af51-10d3-4b78-bca9-f0a3daed3174_1.png);background-size:cover;background-repeat:no-repeat;border-radius:0px;\" data-parallax=\"{&quot;speed&quot;:&quot;0.9&quot;,&quot;fading&quot;:&quot;true&quot;,&quot;minFading&quot;:&quot;55&quot;,&quot;scale&quot;:&quot;false&quot;,&quot;maxScale&quot;:&quot;&quot;}\"><\/div>\n\t\t<div class=\"container\">\n\t\t\t<div class=\"main-1-item__inner align-left\">\n\t\t\t\t<h2 class=\"main-1-item__title\"><span class=\"main-1-item__title_part_1\">Umsetzung der<\/span> <span class=\"theme-color main-1-item__title_part_2\">ZERO CARBON<\/span> <span class=\"main-1-item__title_thin theme-color main-1-item__title_part_3\">Technologien<\/span><\/h2>\n\t\t\t\t<p class=\"main-1-item__subtitle\">in Betrieb befindlichen Anlagen<\/p>\n\t\t\t\t\t\t\t\t\n\n\t\t\t\t\n\n\t\t\t<\/div>\n\t\t<\/div>\n\t<\/div>\n\t<\/div>\n\n\n\n\t\t\t\t\t\n\t\t\t<\/div>\n\t\t\t\t\n\t<\/div><div class=\"section section-dark section-2 pt-0 pb-0\"   style=\"border-radius:0px;\" >\n\t\n\t\n\t\n\t\t\n\t\t\n\t\t\n\t\t\t\t\t<div class=\"align-left\">\n\n\t\t\t\t\n\t\t\t\t\t<div class=\"row\">\n\t\n<div class=\"col-xs-12 col-sm-4 equal-cols no-padding align-top\" style=\"border-radius:0px;\"  >\n\t\t\t\t\n\t\t\t<div class=\"parallax\" style=\"background-image:url(http:\/\/www.zero-carbon.at\/wp-content\/uploads\/2025\/01\/fantine_l_Upscaling_rd_projects_to_industrial_implementation__79926abe-214f-42a0-876f-90a9a13d60ef_1-e1736855406169.png);background-size:cover;background-position:50%;background-repeat:no-repeat;border-radius:0px;\" data-parallax=\"{&quot;speed&quot;:&quot;1&quot;,&quot;fading&quot;:&quot;true&quot;,&quot;minFading&quot;:&quot;70&quot;,&quot;scale&quot;:&quot;false&quot;,&quot;maxScale&quot;:&quot;&quot;}\"><\/div>\n\t\t\t\n\t\t\n\t<\/div>\n<div class=\"col-xs-12 col-sm-8 equal-cols no-padding align-top\" style=\"border-radius:0px;\"  >\n\t\t\t\t\n\t\t\t\n<div class=\"info-box-item\" style=\"border-radius:0px;background-color:#191919;\">\n\t<div class=\"info-box-item__inner\">\n\t\t\t<h5 class=\"info-box__title\">Unternehmensprofil und Ziel<\/h5>\n\t\t\t\t<div class=\"info-box__description\"><p>Bei Zero Carbon Technologies widmen wir uns der Entwicklung nachhaltiger L\u00f6sungen im Bereich des Process Engineerings. In Zusammenarbeit mit unseren Partnern in Forschung und Entwicklung konzentrieren wir uns auf die Schaffung innovativer und umweltfreundlicher Technologien und bieten gleichzeitig zuverl\u00e4ssige ingenieurtechnische Dienstleistungen an. Unser Ziel ist es, unsere Kunden und Partner dabei zu unterst\u00fctzen, durch praxisnahe und effektive L\u00f6sungen eine nachhaltigere Zukunft zu gestalten.<\/p><\/div>\n\t\t\t\n\n\t<\/div>\n<\/div>\n\n\n\n\t\t\t\n\t\t\n\t<\/div>\n<div class=\"col-xs-12 col-sm-4 equal-cols no-padding align-top\" style=\"border-radius:0px;\"  >\n\t\t\t\t\n\t\t\t\n<div class=\"info-box-item section-dark\" style=\"border-radius:0px;\">\n\t<div class=\"info-box-item__inner\">\n\t\t\t<h5 class=\"info-box__title\">Patentierte Technologien <\/h5>\n\t\t\t\t<div class=\"info-box__description\"><p>Unsere Zero Carbon Technologies basieren auf den Prinzipien der Kreislaufwirtschaft \u2013 der zentrale Ansatz unserer Forschungs- und Entwicklungsarbeit ist es, Produkte aus Abgasen oder festen Abf\u00e4llen zu schaffen.<\/p><\/div>\n\t\t\t\n\n<a href=\"https:\/\/www.zero-carbon.at\/de\/our-technologies\/\" target=\"_blank\" class=\"btn-a btn-a_size_small btn-a_hover_2 btn-a_upper\" style=\"border-radius:0px;\"  >\n\t\t\t\t\t\t\tWeitere Informationen<\/a>\n\t<\/div>\n<\/div>\n\n\n\n\t\t\t\n\t\t\n\t<\/div>\n<div class=\"col-xs-12 col-sm-4 equal-cols no-padding align-top\" style=\"border-radius:0px;\"  >\n\t\t\t\t\n\t\t\t<div class=\"parallax\" style=\"background-image:url(http:\/\/www.zero-carbon.at\/wp-content\/uploads\/2025\/01\/fantine_l_symbolic_image_for_Carbon_Capture_in_inustrial_comp_387cfdbc-eb8e-40f4-a491-49eb76a9d6b2_3-e1736855947509.png);background-size:cover;background-position:50%;background-repeat:no-repeat;border-radius:0px;\" data-parallax=\"{&quot;speed&quot;:&quot;1&quot;,&quot;fading&quot;:&quot;true&quot;,&quot;minFading&quot;:&quot;70&quot;,&quot;scale&quot;:&quot;false&quot;,&quot;maxScale&quot;:&quot;&quot;}\"><\/div>\n\t\t\t\n\t\t\n\t<\/div>\n<div class=\"col-xs-12 col-sm-4 equal-cols no-padding align-top\" style=\"border-radius:0px;\"  >\n\t\t\t\t\n\t\t\t\n<div class=\"info-box-item section-dark\" style=\"border-radius:0px;\">\n\t<div class=\"info-box-item__inner\">\n\t\t\t<h5 class=\"info-box__title\">Verfahrenstechnik<\/h5>\n\t\t\t\t<div class=\"info-box__description\"><p>Wir bieten umfassende verfahrenstechnische L\u00f6sungen und unterst\u00fctzen Industrien bei der Planung, Optimierung und Implementierung effizienter und zuverl\u00e4ssiger Systeme. Unsere Expertise erstreckt sich \u00fcber den gesamten Planungszyklus \u2013 von der Konzeptentwicklung bis hin zum detaillierten Prozessdesign \u2013 und stellt sicher, dass unsere L\u00f6sungen sowohl technisch als auch wirtschaftlich tragf\u00e4hig sind.<\/p><\/div>\n\t\t\t\n\n<a href=\"https:\/\/www.zero-carbon.at\/de\/process-engineering\/\" target=\"_blank\" class=\"btn-a btn-a_size_small btn-a_hover_2 btn-a_upper\" style=\"border-radius:0px;\"  >\n\t\t\t\t\t\t\tweitere Details<\/a>\n\t<\/div>\n<\/div>\n\n\n\n\t\t\t\n\t\t\n\t<\/div><\/div>\n\n\n\t\t\t\t\t\n\t\t\t<\/div>\n\t\t\t\t\n\t<\/div><div class=\"section section-dark pt-0 pb-0\"  id=\"pub\"  style=\"border-radius:0px;\" >\n\t\n\t\n\t\n\t\t\n\t\t\n\t\t\n\t\t\t\t\t<div class=\"align-left\">\n\n\t\t\t\t\n\t\t\t\t\t<div class=\"row\">\n\t\n<div class=\"col-xs-12 col-sm-4 equal-cols no-padding align-top\" style=\"border-radius:0px;\"  >\n\t\t\t\t\n\t\t\t<div class=\"parallax\" style=\"background-image:url(http:\/\/www.zero-carbon.at\/wp-content\/uploads\/2025\/01\/fantine_l_Research_and_development_in_process_engineering_-a_39ad37f3-ab07-45be-a883-661bde36eee4_3.png);background-size:cover;background-position:50%;background-repeat:no-repeat;border-radius:0px;\" data-parallax=\"{&quot;speed&quot;:&quot;1&quot;,&quot;fading&quot;:&quot;true&quot;,&quot;minFading&quot;:&quot;70&quot;,&quot;scale&quot;:&quot;false&quot;,&quot;maxScale&quot;:&quot;&quot;}\"><\/div>\n\t\t\t\n\t\t\n\t<\/div>\n<div class=\"col-xs-12 col-sm-4 equal-cols no-padding align-left align-top\" style=\"border-radius:0px;\" id=\"#pub\" >\n\t\t\t\t\n\t\t\t\n<div class=\"info-box-item\" style=\"border-radius:0px;\">\n\t<div class=\"info-box-item__inner\">\n\t\t\t<h5 class=\"info-box__title\">Publications and References<\/h5>\n\t\t\t\t<div class=\"info-box__description\"><p>For further information about our projects, technologies, and references, feel free to contact us via email. Due to NDAs and copyright restrictions, we prefer not to make all projects and references publicly accessible.<\/p><\/div>\n\t\t\t\n\n<a href=\"https:\/\/ptqmagazines.digitalrefining.com\/PTQ-Q2-2026\/88\/\" target=\"_blank\" class=\"btn-a btn-a_size_small btn-a_hover_2 btn-a_upper\" style=\"border-radius:0px;\"  >\n\t\t\t\t\t\t\tPublication in digital refining<\/a>\n\t<\/div>\n<\/div>\n\n\n\n\t\t\t\n\t\t\n\t<\/div>\n<div class=\"col-xs-12 col-sm-4 equal-cols no-padding align-top\" style=\"border-radius:0px;\"  >\n\t\t\t\t\n\t\t\t<div class=\"parallax\" style=\"background-image:url(http:\/\/www.zero-carbon.at\/wp-content\/uploads\/2025\/01\/fantine_l_scheme_for_power_to_gas_to_power_technology_-ar_34_4af90bdb-f92f-4ad7-8b85-abfd33b8183d_2.png);background-size:cover;background-position:50%;background-repeat:no-repeat;border-radius:0px;\" data-parallax=\"{&quot;speed&quot;:&quot;1&quot;,&quot;fading&quot;:&quot;true&quot;,&quot;minFading&quot;:&quot;70&quot;,&quot;scale&quot;:&quot;false&quot;,&quot;maxScale&quot;:&quot;&quot;}\"><\/div>\n\t\t\t\n\t\t\n\t<\/div><\/div>\n\n\n\t\t\t\t\t\n\t\t\t<\/div>\n\t\t\t\t\n\t<\/div><div class=\"section section-dark pt-0 pb-0\"   style=\"border-radius:0px;\" >\n\t\n\t\n\t\n\t\t\n\t\t\n\t\t\n\t\t\t\t\t<div class=\"align-left\">\n\n\t\t\t\t\n\t\t\t\t\t<div class=\"row\">\n\t\n<div class=\"col-xs-12 col-sm-4 equal-cols no-padding align-top\" style=\"border-radius:0px;\"  >\n\t\t\t\t\n\t\t\t\n<div class=\"info-box-item\" style=\"border-radius:0px;background-color:#191919;\">\n\t<div class=\"info-box-item__inner\">\n\t\t\t<h5 class=\"info-box__title\">Jobs und Praktika<\/h5>\n\t\t\t\t\n\n<a href=\"https:\/\/www.zero-carbon.at\/de\/jobs-and-internships\/\" target=\"_blank\" class=\"btn-a btn-a_color_theme btn-a_size_small btn-a_hover_2 btn-a_upper\" style=\"border-radius:0px;\"  >\n\t\t\t\t\t\t\tArbeiten bei ZCT<\/a>\n\t<\/div>\n<\/div>\n\n\n\n\t\t\t\n\t\t\n\t<\/div>\n<div class=\"col-xs-12 col-sm-4 equal-cols no-padding align-center align-top\" style=\"border-radius:0px;\"  >\n\t\t\t\t\n\t\t\t<div class=\"parallax\" style=\"background-image:url(http:\/\/www.zero-carbon.at\/wp-content\/uploads\/2025\/01\/fantine_l_Industrial_landscape_lots_of_pipes_boilers_energy_n_5bb4af51-10d3-4b78-bca9-f0a3daed3174_1.png);background-size:cover;background-repeat:no-repeat;border-radius:0px;\" data-parallax=\"{&quot;speed&quot;:&quot;0.5&quot;,&quot;fading&quot;:&quot;true&quot;,&quot;minFading&quot;:&quot;70&quot;,&quot;scale&quot;:&quot;false&quot;,&quot;maxScale&quot;:&quot;&quot;}\"><\/div>\n\t\t\t\n\t\t\n\t<\/div>\n<div class=\"col-xs-12 col-sm-4 equal-cols no-padding align-top\" style=\"border-radius:0px;\"  >\n\t\t\t\t\n\t\t\t\n<div class=\"info-box-item\" style=\"border-radius:0px;background-color:#191919;\">\n\t<div class=\"info-box-item__inner\">\n\t\t\t<h5 class=\"info-box__title\">ICB Engineering<\/h5>\n\t\t\t\t<div class=\"info-box__description\"><p>Urspr\u00fcnglich hat sich unser Unternehmen aus der verfahrenstechnische Abteilung der ICB entwickelt - wir kooperieren regelm\u00e4\u00dfig bei verschiedenen Projekten und erg\u00e4nzen uns in gewissen Aufgabenstellungen.<\/p><\/div>\n\t\t\t\n\n<a href=\"https:\/\/icb-group.org\/en\/\" target=\"_blank\" class=\"btn-a btn-a_color_theme btn-a_size_small btn-a_hover_2 btn-a_upper\" style=\"border-radius:0px;\"  >\n\t\t\t\t\t\t\tWas macht ICB?<\/a>\n\t<\/div>\n<\/div>\n\n\n\n\t\t\t\n\t\t\n\t<\/div><\/div>\n\n\n\t\t\t\t\t\n\t\t\t<\/div>\n\t\t\t\t\n\t<\/div><\/p>","protected":false},"excerpt":{"rendered":"<p>PROCESS ENGINEERING COMPETENCE DEVELOPING NEW TECHNOLOGIES IMPLEMENTING ZERO CARBON TECHNOLOGIES in operational facilities Company Profile and Goal At Zero Carbon Technologies, we are dedicated to advancing sustainable solutions through process engineering. Partnering on research and development projects, we focus on creating innovative, environmentally friendly technologies while also providing reliable process engineering services. Our goal is<\/p>\n<a class=\"more-link btn-a btn-a_color_theme btn-a_hover_2\" href=\"https:\/\/www.zero-carbon.at\/de\/\">weitere Details<\/a>","protected":false},"author":1,"featured_media":0,"parent":0,"menu_order":0,"comment_status":"closed","ping_status":"closed","template":"page-home.php","meta":{"footnotes":""},"class_list":["post-1646","page","type-page","status-publish","hentry"],"_links":{"self":[{"href":"https:\/\/www.zero-carbon.at\/de\/wp-json\/wp\/v2\/pages\/1646","targetHints":{"allow":["GET"]}}],"collection":[{"href":"https:\/\/www.zero-carbon.at\/de\/wp-json\/wp\/v2\/pages"}],"about":[{"href":"https:\/\/www.zero-carbon.at\/de\/wp-json\/wp\/v2\/types\/page"}],"author":[{"embeddable":true,"href":"https:\/\/www.zero-carbon.at\/de\/wp-json\/wp\/v2\/users\/1"}],"replies":[{"embeddable":true,"href":"https:\/\/www.zero-carbon.at\/de\/wp-json\/wp\/v2\/comments?post=1646"}],"version-history":[{"count":41,"href":"https:\/\/www.zero-carbon.at\/de\/wp-json\/wp\/v2\/pages\/1646\/revisions"}],"predecessor-version":[{"id":4745,"href":"https:\/\/www.zero-carbon.at\/de\/wp-json\/wp\/v2\/pages\/1646\/revisions\/4745"}],"wp:attachment":[{"href":"https:\/\/www.zero-carbon.at\/de\/wp-json\/wp\/v2\/media?parent=1646"}],"curies":[{"name":"wp","href":"https:\/\/api.w.org\/{rel}","templated":true}]}}