{"id":4475,"date":"2025-02-03T13:51:21","date_gmt":"2025-02-03T12:51:21","guid":{"rendered":"https:\/\/www.zero-carbon.at\/?page_id=4475"},"modified":"2026-03-26T11:41:04","modified_gmt":"2026-03-26T10:41:04","slug":"hydrogen-technologies","status":"publish","type":"page","link":"https:\/\/www.zero-carbon.at\/de\/hydrogen-technologies\/","title":{"rendered":"Wasserstoff Technologien"},"content":{"rendered":"<p><div class=\"section section-darkgray section-2\"   style=\"border-radius:0px;\" >\n\t\n\t\n\t\n\t\t\n\t\t\n\t\t\n\t\t\t\t\t<div class=\"align-center\">\n\n\t\t\t\t\n\t\t\t\t\t<div class=\"row\">\n\t\n<div class=\"col-xs-12 col-sm-8 equal-cols no-padding align-center align-top\" style=\"border-radius:0px;\"  >\n\t\t\t\t<div class=\"column-valign-middle\" style=\"height:100%;\"><div>\n\t\t\t\t\t\n\t\t\t\n<div class=\"info-box-item section-darkgray\" style=\"border-radius:0px;\">\n\t<div class=\"info-box-item__inner\">\n\t\t\t<h5 class=\"info-box__title\">Nutzung von Abw\u00e4rme zur Wasserstoffproduktion<\/h5>\n\t\t\t\t<div class=\"info-box__description\"><p>Industrielle Prozesse erzeugen gro\u00dfe Mengen an W\u00e4rme, die oft ungenutzt bleiben und als verlorene Energie in die Umwelt abgegeben werden. Unsere hochmoderne Technologie erfasst und verwertet diese \u00fcbersch\u00fcssige W\u00e4rme zur Wasserstoffproduktion, sodass aus bislang ungenutzter Energie eine wertvolle Ressource wird.\n\nDurch die Integration unseres Systems in bestehende Infrastrukturen k\u00f6nnen Unternehmen ihre Effizienz steigern, Betriebskosten senken und aktiv zu einem saubereren Energiekreislauf beitragen. Dieser bahnbrechende Ansatz optimiert nicht nur die Energienutzung, sondern reduziert auch den CO\u2082-Fu\u00dfabdruck erheblich \u2013 und ebnet den Weg f\u00fcr ein nachhaltigeres industrielles \u00d6kosystem.<\/p><\/div>\n\t\t\t\n\n\t<\/div>\n<\/div>\n\n\n\n\t\t\t\n\t\t\t\t<\/div>\n\t\t\n\t\t<\/div>\n\t<\/div>\n<div class=\"col-xs-12 col-sm-4 equal-cols no-padding align-left align-top\" style=\"border-radius:0px;\"  >\n\t\t\t\t\n\t\t\t<div class=\"parallax\" style=\"background-image:url(http:\/\/www.zero-carbon.at\/wp-content\/uploads\/2025\/01\/fantine_l_Industrial_waste_convertesion_to_hydrogen_technolog_0056f330-bcd2-4646-9a69-a736771bb7ec_1.png);background-size:contain;background-repeat:no-repeat;border-radius:0px;\" data-parallax=\"{&quot;speed&quot;:&quot;0.5&quot;,&quot;fading&quot;:&quot;true&quot;,&quot;minFading&quot;:&quot;70&quot;,&quot;scale&quot;:&quot;false&quot;,&quot;maxScale&quot;:&quot;&quot;}\"><\/div>\n\t\t\t\n\t\t\n\t<\/div><\/div>\n\n\n\t\t\t\t\t\n\t\t\t<\/div>\n\t\t\t\t\n\t<\/div><div class=\"section section-darkgray section-2\"   style=\"border-radius:0px;\" >\n\t\n\t\n\t\n\t\t\n\t\t\n\t\t\n\t\t\t\t\t<div class=\"align-center\">\n\n\t\t\t\t\n\t\t\t\t\t<div class=\"row\">\n\t\n<div class=\"hidden-xs hidden-sm col-xs-12 col-sm-4 equal-cols no-padding align-left align-top\" style=\"border-radius:0px;\"  >\n\t\t\t\t\n\t\t\t<div class=\"parallax\" style=\"background-image:url(http:\/\/www.zero-carbon.at\/wp-content\/uploads\/2025\/01\/007.png);background-size:initial;background-repeat:no-repeat;border-radius:0px;\" data-parallax=\"{&quot;speed&quot;:&quot;0.5&quot;,&quot;fading&quot;:&quot;true&quot;,&quot;minFading&quot;:&quot;70&quot;,&quot;scale&quot;:&quot;false&quot;,&quot;maxScale&quot;:&quot;&quot;}\"><\/div>\n\t\t\t\n\t\t\n\t<\/div>\n<div class=\"col-xs-12 col-sm-8 equal-cols no-padding align-center align-top\" style=\"border-radius:0px;\"  >\n\t\t\t\t<div class=\"column-valign-middle\" style=\"height:100%;\"><div>\n\t\t\t\t\t\n\t\t\t\n<div class=\"info-box-item section-darkgray\" style=\"border-radius:0px;\">\n\t<div class=\"info-box-item__inner\">\n\t\t\t<h5 class=\"info-box__title\">Abfall in saubere Energie umwandeln<\/h5>\n\t\t\t\t<div class=\"info-box__description\"><p>Die globale Abfallkrise und der wachsende Bedarf an sauberen Energiel\u00f6sungen erfordern innovative Ans\u00e4tze. Unsere fortschrittliche Technologie wandelt feste Abf\u00e4lle \u2013 von Biomasse bis hin zu industriellen R\u00fcckst\u00e4nden \u2013 in hochreinen Wasserstoff um.\n\nDieser Prozess reduziert nicht nur die Deponielast, sondern bietet auch eine erneuerbare und zirkul\u00e4re L\u00f6sung f\u00fcr die Energiegewinnung. Durch die Nutzung des chemischen Potenzials von Abf\u00e4llen schaffen wir einen doppelten Vorteil: die Verringerung der Umweltverschmutzung und die Bereitstellung einer stabilen Wasserstoffquelle.\n\nUnsere L\u00f6sung erm\u00f6glicht es Industrieunternehmen, Kommunen und Energieversorgern, Abfall neu zu denken \u2013 als wertvolle Ressource f\u00fcr eine widerstandsf\u00e4higere, CO\u2082-arme Zukunft.<\/p><\/div>\n\t\t\t\n\n\t<\/div>\n<\/div>\n\n\n\n\t\t\t\n\t\t\t\t<\/div>\n\t\t\n\t\t<\/div>\n\t<\/div><\/div>\n\n\n\t\t\t\t\t\n\t\t\t<\/div>\n\t\t\t\t\n\t<\/div><div class=\"section section-dark section-2\"   style=\"border-radius:0px;\" >\n\t\n\t\n\t\n\t\t\n\t\t\n\t\t\n\t\t\t\t\t<div class=\"container align-left\">\n\n\t\t\t\t\n\t\t\t\t\t<div class=\"row\">\n\t\n<div class=\"hidden-xs hidden-sm col-xs-12 col-sm-5 equal-cols align-center align-top\" style=\"border-radius:0px;\"  >\n\t\t\t\t\n\t\t\t<div class=\"parallax\" style=\"background-image:url(http:\/\/www.zero-carbon.at\/wp-content\/uploads\/2025\/01\/fantine_l_Upscaling_rd_projects_to_industrial_implementation__79926abe-214f-42a0-876f-90a9a13d60ef_1-e1736855406169.png);background-size:cover;background-attachment:local;background-repeat:no-repeat;border-radius:0px;\" data-parallax=\"{&quot;speed&quot;:&quot;0.5&quot;,&quot;fading&quot;:&quot;true&quot;,&quot;minFading&quot;:&quot;70&quot;,&quot;scale&quot;:&quot;false&quot;,&quot;maxScale&quot;:&quot;&quot;}\"><\/div>\n\t\t\t\n\t\t\n\t<\/div>\n<div class=\"col-xs-12 col-sm-7 fx equal-cols no-padding align-center align-top\" style=\"border-radius:0px;\"   data-animation-name=\"fadeIn\" data-animation-duration=\"0.5s\" data-animation-visible-percent=\"20\">\n\t\t\t\t\n\t\t\t\n<div class=\"pricing-table  pricing-table_special pricing-table-2\" style=\"border-radius:0px;\">\n\t\t\n\t\t<h5 class=\"pricing-table__title\">Wichtige Rentabilit\u00e4tsfaktoren <\/h5>\n\t\t\n\t\t\n\t\t\t<div class=\"pricing-table-row\">\n\t\t\t<div class=\"pricing-table-row__icon\">\n\t\t\t\t\t\t\t\t<i class=\"dashicons dashicons-info\"><\/i>\n\t\t\t\t\t\t\t\t\t\t\t<\/div>\n\t\t\t<div class=\"pricing-table-row__content\">\n\t\t\t\t<p><strong>Energieeffizienz &amp; Kostensenkung:<\/strong><\/p><p>Wasserstofftechnologien, die Abw\u00e4rme nutzen oder feste Abf\u00e4lle vergasen, senken die Betriebskosten erheblich, indem sie vorhandene Energiequellen wiederverwerten. Durch die Nutzung industrieller Abw\u00e4rme, die sonst verloren ginge, kann Wasserstoff produziert werden, ohne die hohen Stromkosten herk\u00f6mmlicher Verfahren. Ebenso eliminiert die Umwandlung fester Abf\u00e4lle in Wasserstoff Entsorgungskosten und schafft gleichzeitig eine wertvolle Energiequelle.\n\nDiese Effizienzgewinne steigern die Rentabilit\u00e4t und sorgen f\u00fcr eine hohe Kapitalrendite.<\/p>\t\t\t<\/div>\n\t\t<\/div>\n\t\t\t<div class=\"pricing-table-row\">\n\t\t\t<div class=\"pricing-table-row__icon\">\n\t\t\t\t\t\t\t\t<i class=\"dashicons dashicons-info-outline\"><\/i>\n\t\t\t\t\t\t\t\t\t\t\t<\/div>\n\t\t\t<div class=\"pricing-table-row__content\">\n\t\t\t\t<p><strong>Marktnachfrage &amp; regulatorische Anreize:<\/strong><\/p><p>Der globale Vorsto\u00df zur Dekarbonisierung hat die Nachfrage nach Wasserstoff rasant ansteigen lassen, insbesondere in Branchen wie Stahl, Chemie und Transport. Regierungen weltweit f\u00f6rdern die Einf\u00fchrung von Wasserstoff durch Subventionen, Steuerverg\u00fcnstigungen und CO\u2082-Bepreisungsmechanismen, wodurch sauberer Wasserstoff finanziell attraktiver wird.\n\nZudem suchen Unternehmen, die sich zu Netto-Null-Emissionen verpflichtet haben, aktiv nach nachhaltigen Energiealternativen. Dies schafft lukrative Gesch\u00e4ftsm\u00f6glichkeiten f\u00fcr Wasserstoffproduzenten und st\u00e4rkt die langfristige wirtschaftliche Rentabilit\u00e4t dieser Technologie.<\/p>\t\t\t<\/div>\n\t\t<\/div>\n\t\t\t<div class=\"pricing-table-row\">\n\t\t\t<div class=\"pricing-table-row__icon\">\n\t\t\t\t\t\t\t\t<i class=\"dashicons dashicons-info\"><\/i>\n\t\t\t\t\t\t\t\t\t\t\t<\/div>\n\t\t\t<div class=\"pricing-table-row__content\">\n\t\t\t\t<p><strong>Verf\u00fcgbarkeit von Rohstoffen &amp; Kostenoptimierung<\/strong>:<\/p><p>Einer der gr\u00f6\u00dften Vorteile von Waste-to-Hydrogen-Technologien ist die Nutzung kosteng\u00fcnstiger oder sogar negativer Kostenrohstoffe. Industrielle Abw\u00e4rme dient als kostenlose Energiequelle, w\u00e4hrend die Nutzung fester Abf\u00e4lle eine kosteneffiziente Alternative zu herk\u00f6mmlichen Brennstoffen darstellt.\n\nDurch langfristige Vereinbarungen f\u00fcr Abfallmaterialien oder industrielle Abw\u00e4rme k\u00f6nnen Wasserstoffproduzenten ihre Inputkosten stabilisieren und eine zuverl\u00e4ssige Produktion sicherstellen. Dies st\u00e4rkt ihr finanzielles Modell und erh\u00f6ht die Wettbewerbsf\u00e4higkeit.<\/p>\t\t\t<\/div>\n\t\t<\/div>\n\t\t\t<div class=\"pricing-table-row\">\n\t\t\t<div class=\"pricing-table-row__icon\">\n\t\t\t\t\t\t\t\t<i class=\"dashicons dashicons-info-outline\"><\/i>\n\t\t\t\t\t\t\t\t\t\t\t<\/div>\n\t\t\t<div class=\"pricing-table-row__content\">\n\t\t\t\t<p><strong>Infrastruktur &amp; Skalierbarkeit<\/strong>:<\/p><p>Wasserstoffproduktionssysteme k\u00f6nnen effizient skaliert werden, sodass Unternehmen klein starten und mit steigender Nachfrage expandieren k\u00f6nnen. Durch die Integration in bestehende industrielle Infrastrukturen \u2013 beispielsweise durch die direkte Anbindung an Fabriken oder die Nutzung vorhandener Pipelines \u2013 lassen sich Investitionskosten f\u00fcr Lagerung und Verteilung erheblich reduzieren.\n\nZudem entstehen bei der Wasserstoffproduktion oft wertvolle Nebenprodukte wie Synthesegas oder \u00fcbersch\u00fcssige W\u00e4rme, die weiterverwertet oder verkauft werden k\u00f6nnen, um die Gesamtrentabilit\u00e4t zu steigern.<\/p>\t\t\t<\/div>\n\t\t<\/div>\n\t\t\t<div class=\"pricing-table-row\">\n\t\t\t<div class=\"pricing-table-row__icon\">\n\t\t\t\t\t\t\t\t<i class=\"dashicons dashicons-info\"><\/i>\n\t\t\t\t\t\t\t\t\t\t\t<\/div>\n\t\t\t<div class=\"pricing-table-row__content\">\n\t\t\t\t<p><strong>CO\u2082-Zertifikate &amp; Vorteile der Kreislaufwirtschaft:<\/strong><\/p><p>Nachhaltigkeitsorientierte Unternehmen k\u00f6nnen neue Einnahmequellen erschlie\u00dfen, indem sie emissionsarmen Wasserstoff produzieren. Waste-to-Hydrogen-L\u00f6sungen tragen zur Kreislaufwirtschaft bei, indem sie Abf\u00e4lle in saubere Energie umwandeln und die Abh\u00e4ngigkeit von Deponien verringern.\n\nZudem k\u00f6nnen Unternehmen von CO\u2082-Zertifikaten profitieren, indem sie ihre Emissionsreduktionen auf Kohlenstoffm\u00e4rkten handeln. Mit dem wachsenden Interesse von Investoren an gr\u00fcnen Technologien verschaffen sich Unternehmen, die auf nachhaltige Wasserstoffproduktion setzen, einen entscheidenden Wettbewerbsvorteil in einer zunehmend umweltbewussten Wirtschaft.<\/p>\t\t\t<\/div>\n\t\t<\/div>\n\t\t\n\t\n\n<\/div>\t\t\t\n\t\t\n\t<\/div><\/div>\n\n\n\t\t\t\t\t\n\t\t\t<\/div>\n\t\t\t\t\n\t<\/div><div class=\"section section-dark section-2 pt-0 pb-0\"   style=\"border-radius:0px;\" >\n\t\n\t\n\t\n\t\t\n\t\t\n\t\t\n\t\t\t\t\t<div class=\"align-left\">\n\n\t\t\t\t\n\t\t\t\t\t<div class=\"row\">\n\t\n<div class=\"col-xs-12 col-sm-6 equal-cols no-padding align-left align-top\" style=\"border-radius:0px;\"  >\n\t\t\t\t\n\t\t\t\n<div class=\"info-box-item section-dark\" style=\"border-radius:0px;\">\n\t<div class=\"info-box-item__inner\">\n\t\t\t<h5 class=\"info-box__title\">Zero Carbon Wasserstofftechnologien<\/h5>\n\t\t\t\t<div class=\"info-box__description\"><p>Die herk\u00f6mmliche Wasserstoffproduktion basiert haupts\u00e4chlich auf der Dampfreformierung von Methan (SMR), die Erdgas nutzt und erhebliche CO\u2082-Emissionen verursacht, oder auf Elektrolyse, die gro\u00dfe Mengen an Strom ben\u00f6tigt \u2013 oft aus nicht erneuerbaren Quellen.\n\nIm Gegensatz dazu maximieren unsere innovativen Wasserstofftechnologien die Effizienz, indem sie bestehende Energiequellen wiederverwerten. Die Nutzung von Abw\u00e4rme f\u00e4ngt industrielle W\u00e4rmeverluste ein und treibt die Wasserstoffproduktion an, wodurch Energiekosten gesenkt und die Nachhaltigkeit verbessert werden \u2013 ganz ohne zus\u00e4tzlichen Brennstoffeinsatz. Die Verarbeitung fester Abf\u00e4lle hingegen wandelt Biomasse, kommunale und industrielle Abf\u00e4lle in Wasserstoff um, wodurch ein zirkul\u00e4res Energiesystem entsteht und die Deponielast erheblich reduziert wird.\n\nIm Gegensatz zur SMR-Technologie, die auf fossile Brennstoffe angewiesen ist, oder zur energieintensiven Elektrolyse bieten unsere L\u00f6sungen eine kosteneffiziente, skalierbare und umweltfreundliche Alternative, die sowohl die Energieeffizienz als auch das Abfallmanagement optimiert.<\/p><\/div>\n\t\t\t\n\n\t<\/div>\n<\/div>\n\n\n\n\t\t\t\n\t\t\n\t<\/div>\n<div class=\"col-xs-12 col-sm-6 equal-cols no-padding align-left align-top\" style=\"border-radius:0px;\"  >\n\t\t\t\t\n\t\t\t<div class=\"parallax\" style=\"background-image:url(http:\/\/www.zero-carbon.at\/wp-content\/uploads\/2025\/02\/modell-hydrogen.png);background-size:contain;background-attachment:local;background-repeat:no-repeat;border-radius:0px;\" data-parallax=\"{&quot;speed&quot;:&quot;0.5&quot;,&quot;fading&quot;:&quot;true&quot;,&quot;minFading&quot;:&quot;70&quot;,&quot;scale&quot;:&quot;false&quot;,&quot;maxScale&quot;:&quot;&quot;}\"><\/div>\n\t\t\t\n\t\t\n\t<\/div><\/div>\n\n\n\t\t\t\t\t\n\t\t\t<\/div>\n\t\t\t\t\n\t<\/div><div class=\"section section-darkgray section-2 pt-0 pb-0\"   style=\"border-radius:0px;\" >\n\t\n\t\n\t\n\t\t\n\t\t\n\t\t\n\t\t\t\t\t<div class=\"align-center\">\n\n\t\t\t\t\n\t\t\t\t\t<div class=\"row\">\n\t\n<div class=\"col-xs-12 col-sm-8 section-darkgray equal-cols no-padding align-center align-top\" style=\"border-radius:0px;\"  >\n\t\t\t\t\n\t\t\t\n<div class=\"info-box-item section-darkgray\" style=\"border-radius:0px;\">\n\t<div class=\"info-box-item__inner\">\n\t\t\t<h5 class=\"info-box__title\">F\u00fcr weitere Informationen kontaktieren Sie uns gerne per E-Mail oder Telefon:<\/h5>\n\t\t\t\t<div class=\"info-box__description\"><p>n.ataimisch@zero-carbon.at \/ office@zero-carbon.at<\/p><p>+43 1 907 38 70<\/p><p><strong>Durch die Umwandlung von Abw\u00e4rme in sauberen Wasserstoff und die Nutzung fester Abf\u00e4lle zur Energiegewinnung bieten wir nachhaltige und kosteneffiziente Alternativen zu herk\u00f6mmlichen Wasserstoffverfahren. Unser Ansatz unterst\u00fctzt nicht nur die globalen Dekarbonisierungsbem\u00fchungen, sondern verwandelt auch ineffiziente Prozesse in wertvolle Ressourcen. So erm\u00f6glichen wir eine sauberere Zukunft, ohne die Rentabilit\u00e4t zu beeintr\u00e4chtigen.<\/strong><\/p><\/div>\n\t\t\t\n\n\t<\/div>\n<\/div>\n\n\n\n\t\t\t\n\t\t\n\t<\/div><\/div>\n\n\n\t\t\t\t\t\n\t\t\t<\/div>\n\t\t\t\t\n\t<\/div><\/p>","protected":false},"excerpt":{"rendered":"<p>Harnessing Heat Loss for Hydrogen Production Industrial processes generate vast amounts of heat that often go unused, dissipating into the environment as wasted energy. Our cutting-edge technology captures and repurposes this excess heat to drive hydrogen production, transforming what was once lost into a valuable energy source. By integrating our system into existing infrastructure, businesses<\/p>\n<a class=\"more-link btn-a btn-a_color_theme btn-a_hover_2\" href=\"https:\/\/www.zero-carbon.at\/de\/hydrogen-technologies\/\">weitere Details<\/a>","protected":false},"author":1,"featured_media":4553,"parent":0,"menu_order":0,"comment_status":"closed","ping_status":"closed","template":"page-simple.php","meta":{"footnotes":""},"class_list":["post-4475","page","type-page","status-publish","has-post-thumbnail","hentry"],"_links":{"self":[{"href":"https:\/\/www.zero-carbon.at\/de\/wp-json\/wp\/v2\/pages\/4475","targetHints":{"allow":["GET"]}}],"collection":[{"href":"https:\/\/www.zero-carbon.at\/de\/wp-json\/wp\/v2\/pages"}],"about":[{"href":"https:\/\/www.zero-carbon.at\/de\/wp-json\/wp\/v2\/types\/page"}],"author":[{"embeddable":true,"href":"https:\/\/www.zero-carbon.at\/de\/wp-json\/wp\/v2\/users\/1"}],"replies":[{"embeddable":true,"href":"https:\/\/www.zero-carbon.at\/de\/wp-json\/wp\/v2\/comments?post=4475"}],"version-history":[{"count":16,"href":"https:\/\/www.zero-carbon.at\/de\/wp-json\/wp\/v2\/pages\/4475\/revisions"}],"predecessor-version":[{"id":4734,"href":"https:\/\/www.zero-carbon.at\/de\/wp-json\/wp\/v2\/pages\/4475\/revisions\/4734"}],"wp:featuredmedia":[{"embeddable":true,"href":"https:\/\/www.zero-carbon.at\/de\/wp-json\/wp\/v2\/media\/4553"}],"wp:attachment":[{"href":"https:\/\/www.zero-carbon.at\/de\/wp-json\/wp\/v2\/media?parent=4475"}],"curies":[{"name":"wp","href":"https:\/\/api.w.org\/{rel}","templated":true}]}}