{"id":4592,"date":"2025-02-03T16:14:41","date_gmt":"2025-02-03T15:14:41","guid":{"rendered":"https:\/\/www.zero-carbon.at\/?page_id=4592"},"modified":"2026-03-26T11:26:57","modified_gmt":"2026-03-26T10:26:57","slug":"gas-cleaning-technology","status":"publish","type":"page","link":"https:\/\/www.zero-carbon.at\/de\/gas-cleaning-technology\/","title":{"rendered":"Gas Cleaning Technology"},"content":{"rendered":"<p><div class=\"section section-darkgray section-2\"   style=\"border-radius:0px;\" >\n\t\n\t\n\t\n\t\t\n\t\t\n\t\t\n\t\t\t\t\t<div class=\"align-center\">\n\n\t\t\t\t\n\t\t\t\t\t<div class=\"row\">\n\t\n<div class=\"col-xs-12 col-sm-8 equal-cols no-padding align-center align-top\" style=\"border-radius:0px;\"  >\n\t\t\t\t<div class=\"column-valign-middle\" style=\"height:100%;\"><div>\n\t\t\t\t\t\n\t\t\t\n<div class=\"info-box-item section-darkgray\" style=\"border-radius:0px;\">\n\t<div class=\"info-box-item__inner\">\n\t\t\t<h5 class=\"info-box__title\">Gas Cleaning: Das Fundament unserer Technologien<\/h5>\n\t\t\t\t<div class=\"info-box__description\"><p>Unsere fortschrittliche Gasreinigungstechnologie bildet das Herzst\u00fcck unserer Wasserstoff- und CO\u2082-Abscheidungsl\u00f6sungen. Durch die effiziente Entfernung sch\u00e4dlicher Schadstoffe wie SOx, NOx und Silber gew\u00e4hrleisten wir saubere, konforme Emissionen und erm\u00f6glichen gleichzeitig die Umwandlung behandelter Gase in wertvolle Produkte. Dieser grundlegende Prozess reduziert nicht nur die Umweltbelastung, sondern steigert auch die Effizienz und Rentabilit\u00e4t industrieller Prozesse.<\/p><\/div>\n\t\t\t\n\n\t<\/div>\n<\/div>\n\n\n\n\t\t\t\n\t\t\t\t<\/div>\n\t\t\n\t\t<\/div>\n\t<\/div>\n<div class=\"hidden-xs hidden-sm col-xs-12 col-sm-4 equal-cols no-padding align-left align-top\" style=\"border-radius:0px;\"  >\n\t\t\t\t\n\t\t\t<div class=\"parallax\" style=\"background-image:url(http:\/\/www.zero-carbon.at\/wp-content\/uploads\/2025\/02\/01.png);background-size:initial;background-repeat:no-repeat;border-radius:0px;\" data-parallax=\"{&quot;speed&quot;:&quot;0.5&quot;,&quot;fading&quot;:&quot;true&quot;,&quot;minFading&quot;:&quot;70&quot;,&quot;scale&quot;:&quot;false&quot;,&quot;maxScale&quot;:&quot;&quot;}\"><\/div>\n\t\t\t\n\t\t\n\t<\/div><\/div>\n\n\n\t\t\t\t\t\n\t\t\t<\/div>\n\t\t\t\t\n\t<\/div><div class=\"section section-dark section-2\"   style=\"border-radius:0px;\" >\n\t\n\t\n\t\n\t\t\n\t\t\n\t\t\n\t\t\t\t\t<div class=\"container align-left\">\n\n\t\t\t\t\n\t\t\t\t\t<div class=\"row\">\n\t\n<div class=\"hidden-xs hidden-sm col-xs-12 col-sm-5 equal-cols align-center align-top\" style=\"border-radius:0px;\"  >\n\t\t\t\t\n\t\t\t<div class=\"parallax\" style=\"background-image:url(http:\/\/www.zero-carbon.at\/wp-content\/uploads\/2025\/01\/fantine_l_Upscaling_rd_projects_to_industrial_implementation__79926abe-214f-42a0-876f-90a9a13d60ef_1-e1736855406169.png);background-size:cover;background-attachment:local;background-repeat:no-repeat;border-radius:0px;\" data-parallax=\"{&quot;speed&quot;:&quot;0.5&quot;,&quot;fading&quot;:&quot;true&quot;,&quot;minFading&quot;:&quot;70&quot;,&quot;scale&quot;:&quot;false&quot;,&quot;maxScale&quot;:&quot;&quot;}\"><\/div>\n\t\t\t\n\t\t\n\t<\/div>\n<div class=\"col-xs-12 col-sm-7 fx equal-cols no-padding align-center align-top\" style=\"border-radius:0px;\"   data-animation-name=\"fadeIn\" data-animation-duration=\"0.5s\" data-animation-visible-percent=\"20\">\n\t\t\t\t\n\t\t\t\n<div class=\"pricing-table  pricing-table_special pricing-table-2\" style=\"border-radius:0px;\">\n\t\t\n\t\t<h5 class=\"pricing-table__title\">Wichtige Rentabilit\u00e4tsfaktoren f\u00fcr die Gasreinigungstechnologie<\/h5>\n\t\t\n\t\t\n\t\t\t<div class=\"pricing-table-row\">\n\t\t\t<div class=\"pricing-table-row__icon\">\n\t\t\t\t\t\t\t\t<i class=\"dashicons dashicons-info\"><\/i>\n\t\t\t\t\t\t\t\t\t\t\t<\/div>\n\t\t\t<div class=\"pricing-table-row__content\">\n\t\t\t\t<p><strong>Einhaltung gesetzlicher Vorschriften &amp; Kosteneinsparungen:<\/strong><\/p><p>Erf\u00fcllt strenge Emissionsvorschriften, vermeidet Bu\u00dfgelder und senkt Betriebskosten.<\/p>\t\t\t<\/div>\n\t\t<\/div>\n\t\t\t<div class=\"pricing-table-row\">\n\t\t\t<div class=\"pricing-table-row__icon\">\n\t\t\t\t\t\t\t\t<i class=\"dashicons dashicons-info-outline\"><\/i>\n\t\t\t\t\t\t\t\t\t\t\t<\/div>\n\t\t\t<div class=\"pricing-table-row__content\">\n\t\t\t\t<p><strong>Anpassbare Gasumwandlung:<\/strong><\/p><p>Kunden k\u00f6nnen individuell festlegen, welche Gase in welche Produkte umgewandelt werden, sodass ma\u00dfgeschneiderte L\u00f6sungen f\u00fcr maximale Rentabilit\u00e4t gew\u00e4hrleistet sind.<\/p>\t\t\t<\/div>\n\t\t<\/div>\n\t\t\t<div class=\"pricing-table-row\">\n\t\t\t<div class=\"pricing-table-row__icon\">\n\t\t\t\t\t\t\t\t<i class=\"dashicons dashicons-info\"><\/i>\n\t\t\t\t\t\t\t\t\t\t\t<\/div>\n\t\t\t<div class=\"pricing-table-row__content\">\n\t\t\t\t<p><strong>H\u00f6here Prozesseffizienz:<\/strong><\/p><p>Sauberere Gase verbessern die Systemleistung, verl\u00e4ngern die Lebensdauer der Anlagen und reduzieren den Wartungsaufwand.<\/p>\t\t\t<\/div>\n\t\t<\/div>\n\t\t\t<div class=\"pricing-table-row\">\n\t\t\t<div class=\"pricing-table-row__icon\">\n\t\t\t\t\t\t\t\t<i class=\"dashicons dashicons-info-outline\"><\/i>\n\t\t\t\t\t\t\t\t\t\t\t<\/div>\n\t\t\t<div class=\"pricing-table-row__content\">\n\t\t\t\t<p><strong>Monetarisierung von Nebenprodukten:<\/strong><\/p><p>Wandelt behandelte Gase in wertvolle Materialien um und erschlie\u00dft neue Einnahmequellen.<\/p>\t\t\t<\/div>\n\t\t<\/div>\n\t\t\n\t\n\n<\/div>\t\t\t\n\t\t\n\t<\/div><\/div>\n\n\n\t\t\t\t\t\n\t\t\t<\/div>\n\t\t\t\t\n\t<\/div><div class=\"section section-dark section-2 pt-0 pb-0\"   style=\"border-radius:0px;\" >\n\t\n\t\n\t\n\t\t\n\t\t\n\t\t\n\t\t\t\t\t<div class=\"align-left\">\n\n\t\t\t\t\n\t\t\t\t\t<div class=\"row\">\n\t\n<div class=\"col-xs-12 col-sm-6 equal-cols no-padding align-left align-top\" style=\"border-radius:0px;\"  >\n\t\t\t\t\n\t\t\t\n<div class=\"info-box-item section-dark\" style=\"border-radius:0px;\">\n\t<div class=\"info-box-item__inner\">\n\t\t\t<h5 class=\"info-box__title\">Decarbonizing Industries<\/h5>\n\t\t\t\t<div class=\"info-box__description\"><p>Durch die Integration unserer Gasreinigungstechnologie erf\u00fcllen Industrieunternehmen nicht nur Umweltvorschriften, sondern erschlie\u00dfen auch neue wirtschaftliche Chancen. Ob als eigenst\u00e4ndige L\u00f6sung oder in Kombination mit Wasserstoff- und CO\u2082-Umwandlungstechnologien \u2013 sie ebnet den Weg f\u00fcr sauberere, nachhaltigere und rentablere Betriebsprozesse.<\/p><\/div>\n\t\t\t\n\n\t<\/div>\n<\/div>\n\n\n\n\t\t\t\n\t\t\n\t<\/div>\n<div class=\"hidden-xs hidden-sm col-xs-12 col-sm-6 equal-cols no-padding align-left align-top\" style=\"border-radius:0px;\"  >\n\t\t\t\t\n\t\t\t<div class=\"parallax\" style=\"background-image:url(http:\/\/www.zero-carbon.at\/wp-content\/uploads\/2025\/01\/iStock-900749372-scaled.jpg);background-size:contain;background-attachment:local;background-repeat:no-repeat;border-radius:0px;\" data-parallax=\"{&quot;speed&quot;:&quot;0.5&quot;,&quot;fading&quot;:&quot;true&quot;,&quot;minFading&quot;:&quot;70&quot;,&quot;scale&quot;:&quot;false&quot;,&quot;maxScale&quot;:&quot;&quot;}\"><\/div>\n\t\t\t\n\t\t\n\t<\/div><\/div>\n\n\n\t\t\t\t\t\n\t\t\t<\/div>\n\t\t\t\t\n\t<\/div><div class=\"section section-darkgray section-2 pt-0 pb-0\"   style=\"border-radius:0px;\" >\n\t\n\t\n\t\n\t\t\n\t\t\n\t\t\n\t\t\t\t\t<div class=\"align-center\">\n\n\t\t\t\t\n\t\t\t\t\t<div class=\"row\">\n\t\n<div class=\"col-xs-12 col-sm-8 section-darkgray equal-cols no-padding align-center align-top\" style=\"border-radius:0px;\"  >\n\t\t\t\t\n\t\t\t\n<div class=\"info-box-item section-darkgray\" style=\"border-radius:0px;\">\n\t<div class=\"info-box-item__inner\">\n\t\t\t<h5 class=\"info-box__title\">F\u00fcr weitere Informationen kontaktieren Sie uns gerne per E-Mail oder Telefon:<\/h5>\n\t\t\t\t<div class=\"info-box__description\"><p>n.ataimisch@zero-carbon.at \/ office@zero-carbon.at<\/p><p>+43 1 907 38 70<\/p><p>&nbsp;<\/p><p><strong>Wir sind \u00fcberzeugt, dass unsere Gasreinigungstechnologie die ideale L\u00f6sung ist \u2013 sie eliminiert sch\u00e4dliche Emissionen und bietet unseren Gesch\u00e4ftspartnern gleichzeitig die Flexibilit\u00e4t, Gase in wertvolle Produkte ihrer Wahl umzuwandeln. So werden sowohl Umweltauflagen erf\u00fcllt als auch die wirtschaftliche Wettbewerbsf\u00e4higkeit gesichert!<\/strong><\/p><\/div>\n\t\t\t\n\n\t<\/div>\n<\/div>\n\n\n\n\t\t\t\n\t\t\n\t<\/div><\/div>\n\n\n\t\t\t\t\t\n\t\t\t<\/div>\n\t\t\t\t\n\t<\/div><\/p>","protected":false},"excerpt":{"rendered":"<p>Gas Cleaning: The Foundation Of Our Technologies Our advanced gas cleaning technology is the core of our hydrogen and carbon capture solutions. By efficiently removing harmful pollutants such as SOx, NOx, and silver, we ensure clean, compliant emissions while enabling the transformation of treated gases into valuable products. This foundational process not only reduces environmental<\/p>\n<a class=\"more-link btn-a btn-a_color_theme btn-a_hover_2\" href=\"https:\/\/www.zero-carbon.at\/de\/gas-cleaning-technology\/\">weitere Details<\/a>","protected":false},"author":1,"featured_media":4593,"parent":0,"menu_order":0,"comment_status":"closed","ping_status":"closed","template":"page-simple.php","meta":{"footnotes":""},"class_list":["post-4592","page","type-page","status-publish","has-post-thumbnail","hentry"],"_links":{"self":[{"href":"https:\/\/www.zero-carbon.at\/de\/wp-json\/wp\/v2\/pages\/4592","targetHints":{"allow":["GET"]}}],"collection":[{"href":"https:\/\/www.zero-carbon.at\/de\/wp-json\/wp\/v2\/pages"}],"about":[{"href":"https:\/\/www.zero-carbon.at\/de\/wp-json\/wp\/v2\/types\/page"}],"author":[{"embeddable":true,"href":"https:\/\/www.zero-carbon.at\/de\/wp-json\/wp\/v2\/users\/1"}],"replies":[{"embeddable":true,"href":"https:\/\/www.zero-carbon.at\/de\/wp-json\/wp\/v2\/comments?post=4592"}],"version-history":[{"count":5,"href":"https:\/\/www.zero-carbon.at\/de\/wp-json\/wp\/v2\/pages\/4592\/revisions"}],"predecessor-version":[{"id":4733,"href":"https:\/\/www.zero-carbon.at\/de\/wp-json\/wp\/v2\/pages\/4592\/revisions\/4733"}],"wp:featuredmedia":[{"embeddable":true,"href":"https:\/\/www.zero-carbon.at\/de\/wp-json\/wp\/v2\/media\/4593"}],"wp:attachment":[{"href":"https:\/\/www.zero-carbon.at\/de\/wp-json\/wp\/v2\/media?parent=4592"}],"curies":[{"name":"wp","href":"https:\/\/api.w.org\/{rel}","templated":true}]}}